{"id":343658,"date":"2023-03-15T09:39:30","date_gmt":"2023-03-15T08:39:30","guid":{"rendered":"https:\/\/crsrv.pixels.hr\/knjiznica-i-arhiv\/"},"modified":"2025-07-11T11:58:24","modified_gmt":"2025-07-11T10:58:24","slug":"knjiznica-i-arhiv","status":"publish","type":"page","link":"https:\/\/crsrv.org\/hr\/knjiznica-i-arhiv\/","title":{"rendered":"Knji\u017enica i arhiv"},"content":{"rendered":"<p>[et_pb_section fb_built=&#8221;1&#8243; custom_padding_last_edited=&#8221;on|phone&#8221; _builder_version=&#8221;4.23.1&#8243; _module_preset=&#8221;default&#8221; background_enable_image=&#8221;off&#8221; background_size=&#8221;custom&#8221; background_image_width=&#8221;43%&#8221; background_image_height=&#8221;43%&#8221; background_repeat=&#8221;repeat&#8221; custom_padding=&#8221;||10vh||false|false&#8221; custom_padding_tablet=&#8221;||10vh||false|false&#8221; custom_padding_phone=&#8221;||0vh||false|false&#8221; da_disable_devices=&#8221;off|off|off&#8221; global_colors_info=&#8221;{}&#8221; da_is_popup=&#8221;off&#8221; da_exit_intent=&#8221;off&#8221; da_has_close=&#8221;on&#8221; da_alt_close=&#8221;off&#8221; da_dark_close=&#8221;off&#8221; da_not_modal=&#8221;on&#8221; da_is_singular=&#8221;off&#8221; da_with_loader=&#8221;off&#8221; da_has_shadow=&#8221;on&#8221;][et_pb_row column_structure=&#8221;1_2,1_2&#8243; use_custom_gutter=&#8221;on&#8221; _builder_version=&#8221;4.23.4&#8243; _module_preset=&#8221;default&#8221; width=&#8221;85%&#8221; max_width=&#8221;90%&#8221; module_alignment=&#8221;center&#8221; custom_css_main_element=&#8221;align-items: center;&#8221; global_colors_info=&#8221;{}&#8221;][et_pb_column type=&#8221;1_2&#8243; _builder_version=&#8221;4.20.2&#8243; _module_preset=&#8221;default&#8221; pac_dcm_carousel_specific_module_num=&#8221;0&#8243; global_colors_info=&#8221;{}&#8221;][et_pb_text _builder_version=&#8221;4.23.1&#8243; _module_preset=&#8221;default&#8221; header_font=&#8221;Crimson Pro||||||||&#8221; header_text_color=&#8221;#727272&#8243; header_font_size=&#8221;85px&#8221; header_line_height=&#8221;1.1em&#8221; custom_margin=&#8221;||0px||false|false&#8221; custom_margin_tablet=&#8221;||31px|||&#8221; custom_margin_phone=&#8221;||0px||false|false&#8221; custom_margin_last_edited=&#8221;on|phone&#8221; custom_padding=&#8221;||||false|false&#8221; custom_padding_tablet=&#8221;||||false|false&#8221; custom_padding_phone=&#8221;||0px||false|false&#8221; custom_padding_last_edited=&#8221;on|phone&#8221; animation_style=&#8221;fade&#8221; animation_starting_opacity=&#8221;17%&#8221; header_font_size_tablet=&#8221;50px&#8221; header_font_size_phone=&#8221;50px&#8221; header_font_size_last_edited=&#8221;on|phone&#8221; global_colors_info=&#8221;{}&#8221;]<\/p>\n<h1>Knji\u017enica i<\/h1>\n<p>[\/et_pb_text][et_pb_text _builder_version=&#8221;4.23.1&#8243; _module_preset=&#8221;default&#8221; header_font=&#8221;Crimson Pro||||||||&#8221; header_text_color=&#8221;#727272&#8243; header_font_size=&#8221;85px&#8221; header_line_height=&#8221;1.1em&#8221; custom_margin_tablet=&#8221;0px||||false|false&#8221; custom_margin_phone=&#8221;0px||||false|false&#8221; custom_margin_last_edited=&#8221;on|tablet&#8221; custom_padding=&#8221;|||50px|false|false&#8221; custom_padding_tablet=&#8221;0px|||0px|false|false&#8221; custom_padding_phone=&#8221;0px|||0px|false|false&#8221; custom_padding_last_edited=&#8221;on|tablet&#8221; animation_style=&#8221;fade&#8221; animation_starting_opacity=&#8221;17%&#8221; header_font_size_tablet=&#8221;50px&#8221; header_font_size_phone=&#8221;50px&#8221; header_font_size_last_edited=&#8221;on|tablet&#8221; global_colors_info=&#8221;{}&#8221;]<\/p>\n<h1 style=\"text-align: left;\"> Arhiv<\/h1>\n<p>[\/et_pb_text][et_pb_text _builder_version=&#8221;4.20.2&#8243; _module_preset=&#8221;default&#8221; header_3_font=&#8221;Crimson Pro||||||||&#8221; header_3_text_color=&#8221;#9e9e9e&#8221; header_3_font_size=&#8221;30px&#8221; animation_style=&#8221;slide&#8221; animation_direction=&#8221;left&#8221; animation_duration=&#8221;1650ms&#8221; animation_intensity_slide=&#8221;4%&#8221; global_colors_info=&#8221;{}&#8221;]<\/p>\n<h3 class=\"paragraf1 fs-md ptb-sm fromLeft in-viewport\" data-in-viewport=\"i8\">Kliknite ovdje kako biste prona\u0161li knjigu<\/h3>\n<p>[\/et_pb_text][dsm_icon_list list_alignment=&#8221;center&#8221; image_max_width=&#8221;40px&#8221; image_max_width_tablet=&#8221;&#8221; image_max_width_phone=&#8221;40px&#8221; image_max_width_last_edited=&#8221;on|phone&#8221; _builder_version=&#8221;4.23.1&#8243; _module_preset=&#8221;default&#8221; text_text_color=&#8221;#FFFFFF&#8221; text_font_size=&#8221;18px&#8221; background_color=&#8221;#FFBA52&#8243; max_width=&#8221;200px&#8221; max_width_tablet=&#8221;&#8221; max_width_phone=&#8221;170px&#8221; max_width_last_edited=&#8221;on|phone&#8221; custom_margin=&#8221;20px||||false|false&#8221; custom_padding=&#8221;20px||20px||true|false&#8221; link_option_url=&#8221;https:\/\/library.foi.hr\/lib\/index.php?B=1805&#8243; link_option_url_new_window=&#8221;on&#8221; border_width_all=&#8221;1px&#8221; border_color_all=&#8221;#FFFFFF&#8221; global_colors_info=&#8221;{}&#8221; background__hover_enabled=&#8221;on|hover&#8221; background_color__hover=&#8221;#727272&#8243; background_enable_color__hover=&#8221;on&#8221;][dsm_icon_list_child text=&#8221;Pretra\u017ei&#8221; use_icon=&#8221;off&#8221; _builder_version=&#8221;4.23.1&#8243; _module_preset=&#8221;default&#8221; border_color_all=&#8221;#FFFFFF&#8221; global_colors_info=&#8221;{}&#8221;][\/dsm_icon_list_child][\/dsm_icon_list][et_pb_image src=&#8221;https:\/\/crsrv.org\/wp-content\/uploads\/2023\/03\/down-arrow-crsrv-home.png&#8221; title_text=&#8221;down-arrow-crsrv-home&#8221; url=&#8221;#biblioteca&#8221; _builder_version=&#8221;4.20.2&#8243; _module_preset=&#8221;default&#8221; max_width=&#8221;50px&#8221; max_height=&#8221;100px&#8221; custom_css_before=&#8221;animation: fade;&#8221; custom_css_main_element=&#8221;animation: fade;&#8221; global_colors_info=&#8221;{}&#8221;][\/et_pb_image][\/et_pb_column][et_pb_column type=&#8221;1_2&#8243; _builder_version=&#8221;4.20.2&#8243; _module_preset=&#8221;default&#8221; pac_dcm_carousel_specific_module_num=&#8221;0&#8243; global_colors_info=&#8221;{}&#8221;][et_pb_image src=&#8221;https:\/\/crsrv.org\/wp-content\/uploads\/biblioteca-e-archivio-crsrv-1-1.jpg&#8221; title_text=&#8221;biblioteca e archivio crsrv 1&#8243; align=&#8221;right&#8221; _builder_version=&#8221;4.23.4&#8243; _module_preset=&#8221;default&#8221; animation_style=&#8221;slide&#8221; animation_direction=&#8221;right&#8221; animation_duration=&#8221;1200ms&#8221; animation_intensity_slide=&#8221;3%&#8221; global_colors_info=&#8221;{}&#8221;][\/et_pb_image][\/et_pb_column][\/et_pb_row][\/et_pb_section][et_pb_section fb_built=&#8221;1&#8243; custom_padding_last_edited=&#8221;on|phone&#8221; module_id=&#8221;knji\u017enica&#8221; _builder_version=&#8221;4.23.1&#8243; _module_preset=&#8221;default&#8221; background_image=&#8221;https:\/\/crsrv.org\/wp-content\/uploads\/2023\/03\/crsrv-pattern-background.png&#8221; background_size=&#8221;custom&#8221; background_image_width=&#8221;31%&#8221; background_image_height=&#8221;31%&#8221; background_repeat=&#8221;repeat&#8221; custom_padding=&#8221;||5px|||&#8221; custom_padding_tablet=&#8221;||5px|||&#8221; custom_padding_phone=&#8221;0px||5px||false|false&#8221; da_disable_devices=&#8221;off|off|off&#8221; global_colors_info=&#8221;{}&#8221; da_is_popup=&#8221;off&#8221; da_exit_intent=&#8221;off&#8221; da_has_close=&#8221;on&#8221; da_alt_close=&#8221;off&#8221; da_dark_close=&#8221;off&#8221; da_not_modal=&#8221;on&#8221; da_is_singular=&#8221;off&#8221; da_with_loader=&#8221;off&#8221; da_has_shadow=&#8221;on&#8221;][et_pb_row column_structure=&#8221;1_2,1_2&#8243; use_custom_gutter=&#8221;on&#8221; _builder_version=&#8221;4.20.2&#8243; _module_preset=&#8221;default&#8221; width=&#8221;85%&#8221; max_width=&#8221;90%&#8221; module_alignment=&#8221;center&#8221; custom_css_main_element=&#8221;align-items: center;&#8221; global_colors_info=&#8221;{}&#8221;][et_pb_column type=&#8221;1_2&#8243; _builder_version=&#8221;4.20.2&#8243; _module_preset=&#8221;default&#8221; pac_dcm_carousel_specific_module_num=&#8221;0&#8243; global_colors_info=&#8221;{}&#8221;][et_pb_image src=&#8221;https:\/\/crsrv.org\/wp-content\/uploads\/biblioteca-e-archivio-crsrv-2-1.jpg&#8221; title_text=&#8221;biblioteca e archivio crsrv 2&#8243; align=&#8221;right&#8221; _builder_version=&#8221;4.23.4&#8243; _module_preset=&#8221;default&#8221; global_colors_info=&#8221;{}&#8221;][\/et_pb_image][\/et_pb_column][et_pb_column type=&#8221;1_2&#8243; _builder_version=&#8221;4.20.2&#8243; _module_preset=&#8221;default&#8221; pac_dcm_carousel_specific_module_num=&#8221;0&#8243; global_colors_info=&#8221;{}&#8221;][et_pb_text _builder_version=&#8221;4.23.1&#8243; _module_preset=&#8221;default&#8221; header_font=&#8221;Crimson Pro||||||||&#8221; header_text_color=&#8221;#727272&#8243; header_font_size=&#8221;85px&#8221; header_line_height=&#8221;1.1em&#8221; custom_margin=&#8221;||31px|||&#8221; custom_margin_tablet=&#8221;||31px|||&#8221; custom_margin_phone=&#8221;||0px||false|false&#8221; custom_margin_last_edited=&#8221;on|phone&#8221; custom_padding=&#8221;||||false|false&#8221; animation_style=&#8221;fade&#8221; animation_starting_opacity=&#8221;17%&#8221; scroll_vertical_motion_enable=&#8221;on&#8221; scroll_vertical_motion=&#8221;0|18|18|37|0.4|0.2|0&#8243; scroll_fade_enable=&#8221;on&#8221; scroll_fade=&#8221;0|18|18|37|0|50%|100&#8243; motion_trigger_start=&#8221;top&#8221; header_font_size_tablet=&#8221;50px&#8221; header_font_size_phone=&#8221;50px&#8221; header_font_size_last_edited=&#8221;on|phone&#8221; global_colors_info=&#8221;{}&#8221;]<\/p>\n<h1 class=\"fs-xxl fromBottom below-viewport in-viewport\" data-v-383dd88e=\"\" data-in-viewport=\"i6\">Knji\u017enica<\/h1>\n<p>[\/et_pb_text][et_pb_text _builder_version=&#8221;4.24.2&#8243; _module_preset=&#8221;default&#8221; text_font=&#8221;Crimson Pro||||||||&#8221; text_line_height=&#8221;1.75em&#8221; text_orientation=&#8221;justified&#8221; module_alignment=&#8221;right&#8221; custom_padding=&#8221;||||false|false&#8221; global_colors_info=&#8221;{}&#8221;]Knji\u017enica Centra za povijesna istra\u017eivanja osnovana 1976. godine klasificirana je kao Specijalna knji\u017enica. Di\u010di se fondom od vi\u0161e od 70.000 knjiga, 1750 \u010dasopisa i 750 regionalnih novina, a sve je dostupno na otvorenim policama i poslo\u017eeno po temama. Nadalje, \u010duva audiovizualni materijal koji se ti\u010de dru\u0161tvenog i kulturnog \u017eivota Talijanske nacionalne zajednice. Pored knjiga op\u0107e tematike (povijest, povijest umjetnosti, jezikoslovlje, ekonomija, etnografija, demografija, itd.), u zbirci se posebna pozornost posve\u0107uje svim temama koje se odnose na podru\u010dje Istre, Rijeke i Kvarnera, Dalmacije, Veneta i Furlanije-Julijske krajine. [\/et_pb_text][et_pb_text _builder_version=&#8221;4.24.2&#8243; _module_preset=&#8221;default&#8221; text_font=&#8221;Crimson Pro||||||||&#8221; text_line_height=&#8221;1.75em&#8221; text_orientation=&#8221;justified&#8221; module_alignment=&#8221;right&#8221; custom_padding=&#8221;||||false|false&#8221; global_colors_info=&#8221;{}&#8221;]1995. godine postaje depozitarna knji\u017enica Vije\u0107a Europe specijalizirana za ljudska prava, za\u0161titu manjina i okoli\u0161a. Knji\u017enica raspola\u017ee fondom od otprilike 3000 naslova, knjiga, \u010dasopisa i bro\u0161ura koji se uglavnom odnose na slu\u017ebene dokumente koje izdaje Europski Parlament i Europska komisija, me\u0111unarodne ugovore, konvencije i sporazume. Predstavlja jedinstveno mjesto znanja i prou\u010davanja povijesti Isto\u010dnog Jadrana. Naime, Centar ima jednu od najbogatijih i najpotpunijih zbirki o ovom podru\u010dju koja se neprestano nadopunjuje. Rije\u010d je o ba\u0161tini koju \u010dine knji\u017ene zbirke golemog intelektualnog bogatstva i neprocjenjive bibliografske vrijednosti. Otvorena je za javnost radnim danom od 8.00 do 15.00 sati, uz prethodnu najavu. [\/et_pb_text][\/et_pb_column][\/et_pb_row][\/et_pb_section][et_pb_section fb_built=&#8221;1&#8243; _builder_version=&#8221;4.23.1&#8243; _module_preset=&#8221;default&#8221; background_enable_image=&#8221;off&#8221; background_size=&#8221;initial&#8221; background_repeat=&#8221;repeat&#8221; custom_padding=&#8221;||5px|||&#8221; da_disable_devices=&#8221;off|off|off&#8221; global_colors_info=&#8221;{}&#8221; da_is_popup=&#8221;off&#8221; da_exit_intent=&#8221;off&#8221; da_has_close=&#8221;on&#8221; da_alt_close=&#8221;off&#8221; da_dark_close=&#8221;off&#8221; da_not_modal=&#8221;on&#8221; da_is_singular=&#8221;off&#8221; da_with_loader=&#8221;off&#8221; da_has_shadow=&#8221;on&#8221;][et_pb_row column_structure=&#8221;1_2,1_2&#8243; use_custom_gutter=&#8221;on&#8221; custom_padding_last_edited=&#8221;on|phone&#8221; _builder_version=&#8221;4.23.1&#8243; _module_preset=&#8221;default&#8221; width=&#8221;85%&#8221; max_width=&#8221;90%&#8221; module_alignment=&#8221;center&#8221; custom_margin_tablet=&#8221;&#8221; custom_margin_phone=&#8221;0px||0px||false|false&#8221; custom_margin_last_edited=&#8221;on|phone&#8221; custom_padding_tablet=&#8221;&#8221; custom_padding_phone=&#8221;0px||0px||false|false&#8221; custom_css_main_element=&#8221;align-items: center;&#8221; global_colors_info=&#8221;{}&#8221;][et_pb_column type=&#8221;1_2&#8243; _builder_version=&#8221;4.20.2&#8243; _module_preset=&#8221;default&#8221; pac_dcm_carousel_specific_module_num=&#8221;0&#8243; global_colors_info=&#8221;{}&#8221;][et_pb_text _builder_version=&#8221;4.23.1&#8243; _module_preset=&#8221;default&#8221; header_font=&#8221;Crimson Pro||||||||&#8221; header_text_color=&#8221;#727272&#8243; header_font_size=&#8221;85px&#8221; header_line_height=&#8221;1.1em&#8221; custom_margin=&#8221;||31px|||&#8221; custom_margin_tablet=&#8221;||31px|||&#8221; custom_margin_phone=&#8221;||0px||false|false&#8221; custom_margin_last_edited=&#8221;on|phone&#8221; custom_padding=&#8221;||||false|false&#8221; animation_style=&#8221;fade&#8221; animation_starting_opacity=&#8221;17%&#8221; scroll_vertical_motion_enable=&#8221;on&#8221; scroll_vertical_motion=&#8221;0|16|16|32|0.4|0.2|0&#8243; header_font_size_tablet=&#8221;50px&#8221; header_font_size_phone=&#8221;50px&#8221; header_font_size_last_edited=&#8221;on|phone&#8221; global_colors_info=&#8221;{}&#8221;]<\/p>\n<h1 class=\"fs-xxl fromBottom below-viewport in-viewport\" data-v-383dd88e=\"\" data-in-viewport=\"i6\">Arhiv<\/h1>\n<p>[\/et_pb_text][et_pb_text _builder_version=&#8221;4.24.2&#8243; _module_preset=&#8221;default&#8221; text_font=&#8221;Crimson Pro||||||||&#8221; text_line_height=&#8221;1.75em&#8221; text_orientation=&#8221;justified&#8221; module_alignment=&#8221;right&#8221; custom_margin_tablet=&#8221;&#8221; custom_margin_phone=&#8221;0px||||false|false&#8221; custom_margin_last_edited=&#8221;on|phone&#8221; custom_padding=&#8221;||||false|false&#8221; custom_padding_tablet=&#8221;||||false|false&#8221; custom_padding_phone=&#8221;0px||||false|false&#8221; custom_padding_last_edited=&#8221;on|phone&#8221; global_colors_info=&#8221;{}&#8221;]Arhiv Centra za povijesna istra\u017eivanja osnovan je 1973. godine. Prije svega, \u010duva veliku, sustavno ure\u0111enu zbirku dokumenata Talijanske nacionalne zajednice od 1945. do danas, ali i iz prethodnih razdoblja. Sa\u010duvana gra\u0111a je razli\u010dite prirode (akti, privatni spisi, dokumenti, fotografije, plakati), a prikupljana je zbog svoje vrijednosti svjedo\u010denja i za\u0161tite na\u0161e autohtone narodnosti na ovom podru\u010dju. <\/p>\n<p>Tijekom godina, ste\u010dena je i impozantna ba\u0161tina koju \u010dine kartografske zbirke (zemljopisne, topografske, nauti\u010dke, vojne, katastarske karte, grafike, vedute; otprilike 4000 komada) od iznimno velikog zna\u010daja za povijest Isto\u010dnog Jadrana. <\/p>\n<p>Zahvaljuju\u0107i svojoj specifi\u010dnosti i bogatstvu, arhiv Centra predstavlja jedinstveno mjesto znanja i prou\u010davanja podru\u010dja Istre, Kvarnera i Dalmacije. Sva je gra\u0111a detaljno katalogizirana i \u010duva se u skladu s najvi\u0161im arhivisti\u010dkim standardima. Otvoren je za javnost radnim danom od 8.00 do 15.00 sati, uz prethodnu najavu.[\/et_pb_text][\/et_pb_column][et_pb_column type=&#8221;1_2&#8243; _builder_version=&#8221;4.20.2&#8243; _module_preset=&#8221;default&#8221; pac_dcm_carousel_specific_module_num=&#8221;0&#8243; global_colors_info=&#8221;{}&#8221;][et_pb_image src=&#8221;https:\/\/crsrv.org\/wp-content\/uploads\/biblioteca-e-archivio-crsrv-3-1.jpg&#8221; title_text=&#8221;biblioteca e archivio crsrv 3&#8243; align=&#8221;right&#8221; _builder_version=&#8221;4.23.4&#8243; _module_preset=&#8221;default&#8221; scroll_horizontal_motion_enable=&#8221;on&#8221; scroll_horizontal_motion=&#8221;0|18|18|36|0.3|0.15|0&#8243; scroll_fade_enable=&#8221;on&#8221; scroll_fade=&#8221;0|17|17|35|0|50%|100&#8243; motion_trigger_start=&#8221;top&#8221; global_colors_info=&#8221;{}&#8221;][\/et_pb_image][\/et_pb_column][\/et_pb_row][\/et_pb_section]<\/p>\n","protected":false},"excerpt":{"rendered":"<p>Knji\u017enica i ArhivKliknite ovdje kako biste prona\u0161li knjigu<div class=\"et_pb_with_border et_pb_module dsm_icon_list dsm_icon_list_0 et_clickable et_pb_section_video_on_hover\">\n\t\t\t\t\n\t\t\t\t\n\t\t\t\t\n\t\t\t\t\n\t\t\t\t\n\t\t\t\t\n\t\t\t\t<div class=\"et_pb_module_inner\">\n\t\t\t\t\t<ul class=\"dsm_icon_list_items dsm_icon_list_ltr_direction dsm_icon_list_layout_vertical\"><li class=\"et_pb_with_border dsm_icon_list_child dsm_icon_list_child_0\">\n\t\t\t\t\n\t\t\t\t\n\t\t\t\t\n\t\t\t\t\n\t\t\t\t<span class=\"dsm_icon_list_wrapper\"><\/span><span class=\"dsm_icon_list_text\">Pretra\u017ei<\/span>\n\t\t\t<\/li><\/ul>\n\t\t\t\t<\/div>\n\t\t\t<\/div>Knji\u017enicaKnji\u017enica Centra za povijesna istra\u017eivanja osnovana 1976. godine klasificirana je kao Specijalna knji\u017enica. Di\u010di se fondom od vi\u0161e od 70.000 knjiga, 1750 \u010dasopisa i 750 regionalnih novina, a sve je dostupno na otvorenim policama i poslo\u017eeno po temama. Nadalje, \u010duva audiovizualni materijal koji se ti\u010de dru\u0161tvenog i kulturnog \u017eivota Talijanske nacionalne zajednice. Pored knjiga op\u0107e tematike (povijest, povijest umjetnosti, jezikoslovlje, ekonomija, etnografija, demografija, itd.), u zbirci se posebna pozornost posve\u0107uje svim temama koje se odnose na podru\u010dje Istre, Rijeke i Kvarnera, Dalmacije, Veneta i Furlanije-Julijske krajine. 1995. godine postaje depozitarna knji\u017enica Vije\u0107a Europe specijalizirana za ljudska prava, za\u0161titu manjina i okoli\u0161a. Knji\u017enica raspola\u017ee fondom od otprilike 3000 naslova, knjiga, \u010dasopisa i bro\u0161ura koji se uglavnom odnose na slu\u017ebene dokumente koje izdaje Europski Parlament i Europska komisija, me\u0111unarodne ugovore, konvencije i sporazume. Predstavlja jedinstveno mjesto znanja i prou\u010davanja povijesti Isto\u010dnog Jadrana. Naime, Centar ima jednu od najbogatijih i najpotpunijih zbirki o ovom podru\u010dju koja se neprestano nadopunjuje. Rije\u010d je o ba\u0161tini koju \u010dine knji\u017ene [&hellip;]<\/p>\n","protected":false},"author":1,"featured_media":0,"parent":0,"menu_order":0,"comment_status":"closed","ping_status":"closed","template":"","meta":{"_et_pb_use_builder":"on","_et_pb_old_content":"","_et_gb_content_width":"","pgc_sgb_lightbox_settings":"","footnotes":""},"class_list":["post-343658","page","type-page","status-publish","hentry"],"jetpack_sharing_enabled":true,"_links":{"self":[{"href":"https:\/\/crsrv.org\/hr\/wp-json\/wp\/v2\/pages\/343658","targetHints":{"allow":["GET"]}}],"collection":[{"href":"https:\/\/crsrv.org\/hr\/wp-json\/wp\/v2\/pages"}],"about":[{"href":"https:\/\/crsrv.org\/hr\/wp-json\/wp\/v2\/types\/page"}],"author":[{"embeddable":true,"href":"https:\/\/crsrv.org\/hr\/wp-json\/wp\/v2\/users\/1"}],"replies":[{"embeddable":true,"href":"https:\/\/crsrv.org\/hr\/wp-json\/wp\/v2\/comments?post=343658"}],"version-history":[{"count":3,"href":"https:\/\/crsrv.org\/hr\/wp-json\/wp\/v2\/pages\/343658\/revisions"}],"predecessor-version":[{"id":377880,"href":"https:\/\/crsrv.org\/hr\/wp-json\/wp\/v2\/pages\/343658\/revisions\/377880"}],"wp:attachment":[{"href":"https:\/\/crsrv.org\/hr\/wp-json\/wp\/v2\/media?parent=343658"}],"curies":[{"name":"wp","href":"https:\/\/api.w.org\/{rel}","templated":true}]}}