{"id":343664,"date":"2023-03-15T09:38:56","date_gmt":"2023-03-15T08:38:56","guid":{"rendered":"https:\/\/crsrv.pixels.hr\/o-nama\/"},"modified":"2025-09-30T08:52:16","modified_gmt":"2025-09-30T07:52:16","slug":"o-nama","status":"publish","type":"page","link":"https:\/\/crsrv.org\/hr\/o-nama\/","title":{"rendered":"O nama"},"content":{"rendered":"<p>[et_pb_section fb_built=&#8221;1&#8243; _builder_version=&#8221;4.20.2&#8243; _module_preset=&#8221;default&#8221; background_image=&#8221;https:\/\/crsrv.org\/wp-content\/uploads\/2023\/03\/crsrv-pattern-background.png&#8221; background_size=&#8221;initial&#8221; background_repeat=&#8221;repeat&#8221; custom_padding=&#8221;||5px|||&#8221; da_disable_devices=&#8221;off|off|off&#8221; global_colors_info=&#8221;{}&#8221; da_is_popup=&#8221;off&#8221; da_exit_intent=&#8221;off&#8221; da_has_close=&#8221;on&#8221; da_alt_close=&#8221;off&#8221; da_dark_close=&#8221;off&#8221; da_not_modal=&#8221;on&#8221; da_is_singular=&#8221;off&#8221; da_with_loader=&#8221;off&#8221; da_has_shadow=&#8221;on&#8221;][et_pb_row column_structure=&#8221;1_2,1_2&#8243; use_custom_gutter=&#8221;on&#8221; _builder_version=&#8221;4.20.2&#8243; _module_preset=&#8221;default&#8221; width=&#8221;85%&#8221; max_width=&#8221;90%&#8221; module_alignment=&#8221;center&#8221; custom_css_main_element=&#8221;align-items: center;&#8221; global_colors_info=&#8221;{}&#8221;][et_pb_column type=&#8221;1_2&#8243; _builder_version=&#8221;4.20.2&#8243; _module_preset=&#8221;default&#8221; pac_dcm_carousel_specific_module_num=&#8221;0&#8243; global_colors_info=&#8221;{}&#8221;][et_pb_text _builder_version=&#8221;4.20.2&#8243; _module_preset=&#8221;default&#8221; header_font=&#8221;Crimson Pro||||||||&#8221; header_text_color=&#8221;#727272&#8243; header_font_size=&#8221;100px&#8221; header_line_height=&#8221;1.1em&#8221; custom_margin=&#8221;||0px||false|false&#8221; custom_padding=&#8221;||0px||false|false&#8221; animation_style=&#8221;fade&#8221; animation_starting_opacity=&#8221;17%&#8221; global_colors_info=&#8221;{}&#8221;]<\/p>\n<h1>Povijest<\/h1>\n<p>[\/et_pb_text][et_pb_text _builder_version=&#8221;4.20.2&#8243; _module_preset=&#8221;default&#8221; header_font=&#8221;Crimson Pro||||||||&#8221; header_text_color=&#8221;#727272&#8243; header_font_size=&#8221;90px&#8221; header_line_height=&#8221;1.1em&#8221; custom_padding=&#8221;|||50px|false|false&#8221; animation_style=&#8221;fade&#8221; animation_starting_opacity=&#8221;17%&#8221; global_colors_info=&#8221;{}&#8221;]<\/p>\n<h1 style=\"text-align: left;\">ustanove<\/h1>\n<p>[\/et_pb_text][et_pb_text _builder_version=&#8221;4.27.4&#8243; _module_preset=&#8221;default&#8221; text_font=&#8221;Crimson Pro||||||||&#8221; text_line_height=&#8221;1.75em&#8221; text_orientation=&#8221;justified&#8221; module_alignment=&#8221;right&#8221; custom_padding=&#8221;|||100px|false|false&#8221; hover_enabled=&#8221;0&#8243; global_colors_info=&#8221;{}&#8221; sticky_enabled=&#8221;0&#8243;]<\/p>\n<p>Centar za povijesna istra\u017eivanja je ustanova Talijanske nacionalne zajednice koja \u017eivi i djeluje na podru\u010dju Istre, Rijeke i Dalmacije, u \u010dije ime ostvaruje pravo na povijesna istra\u017eivanja. U studenom 1968. godine, Talijanska unija za Istru i Rijeku, dana\u0161nja Talijanska unija, daje prijedlog za utemeljenje centra povijesnih studija Talijanske nacionalne zajednice u Jugoslaviji. Rije\u010d je o organizaciji Talijana Republike Hrvatske i Slovenije \u010diji je cilj o\u010duvanje i razvoj nacionalnog, kulturnog i jezi\u010dnog identiteta Talijana na tom podru\u010dju.<\/p>\n<p>[\/et_pb_text][et_pb_image src=&#8221;https:\/\/crsrv.org\/wp-content\/uploads\/2023\/03\/down-arrow-crsrv-home.png&#8221; title_text=&#8221;down-arrow-crsrv-home&#8221; url=&#8221;#cronologia&#8221; _builder_version=&#8221;4.20.2&#8243; _module_preset=&#8221;default&#8221; positioning=&#8221;absolute&#8221; position_origin_a=&#8221;center_left&#8221; width=&#8221;100%&#8221; max_width=&#8221;50px&#8221; max_height=&#8221;100px&#8221; filter_brightness=&#8221;0%&#8221; custom_css_before=&#8221;animation: fade;&#8221; custom_css_main_element=&#8221;animation: fade;&#8221; global_colors_info=&#8221;{}&#8221;][\/et_pb_image][\/et_pb_column][et_pb_column type=&#8221;1_2&#8243; _builder_version=&#8221;4.20.2&#8243; _module_preset=&#8221;default&#8221; pac_dcm_carousel_specific_module_num=&#8221;0&#8243; global_colors_info=&#8221;{}&#8221;][et_pb_image src=&#8221;https:\/\/crsrv.org\/wp-content\/uploads\/1290633d.jpg&#8221; title_text=&#8221;1290633d&#8221; align=&#8221;right&#8221; _builder_version=&#8221;4.24.0&#8243; _module_preset=&#8221;default&#8221; global_colors_info=&#8221;{}&#8221;][\/et_pb_image][\/et_pb_column][\/et_pb_row][et_pb_row make_equal=&#8221;on&#8221; _builder_version=&#8221;4.20.2&#8243; _module_preset=&#8221;default&#8221; width=&#8221;85%&#8221; max_width=&#8221;90%&#8221; module_alignment=&#8221;center&#8221; custom_css_main_element=&#8221;align-items: center;&#8221; global_colors_info=&#8221;{}&#8221;][et_pb_column type=&#8221;4_4&#8243; _builder_version=&#8221;4.20.2&#8243; _module_preset=&#8221;default&#8221; pac_dcm_carousel_specific_module_num=&#8221;0&#8243; global_colors_info=&#8221;{}&#8221;][et_pb_text _builder_version=&#8221;4.27.4&#8243; _module_preset=&#8221;default&#8221; text_font=&#8221;Crimson Pro||||||||&#8221; text_line_height=&#8221;1.75em&#8221; text_orientation=&#8221;justified&#8221; scroll_fade_enable=&#8221;on&#8221; scroll_fade=&#8221;0|16|16|36|0|50%|100&#8243; motion_trigger_start=&#8221;top&#8221; hover_enabled=&#8221;0&#8243; global_colors_info=&#8221;{}&#8221; sticky_enabled=&#8221;0&#8243;]<\/p>\n<p>Ispo\u010detka je osnovan Odjel za povijest sa zada\u0107om uklju\u010divanja velikog broja znanstvenika i ljubitelja povijesti, a koji se 12. velja\u010de 1969. razvio u Centar za povijesna istra\u017eivanja sa sjedi\u0161tem u Rovinju. U prosincu 1969. godine, prof. Giovanni Radossi imenovan je za prvog\u00a0 ravnatelja.<\/p>\n<p>Ustanova se nalazi u samom sredi\u0161tu povijesne jezgre Rovinja, pokraj Gradske vije\u0107nice. U pro\u0161losti je zgrada bila sjedi\u0161te Fontika Sv. Damjana (15.\u201318. st.), a kasnije i prvo sjedi\u0161te Tvornice duhana Rovinj (1872.). Od 1978. godine, sjedi\u0161te je Centra za povijesna istra\u017eivanja koje je 2000. potpuno obnovljeno i pro\u0161ireno te je postalo rasko\u0161na zgrada kakva je i danas. Sve\u010dano otvorenje odr\u017eano je 2001. godine u nazo\u010dnosti predsjednika Republike Italije Carla Azeglia Ciampija i predsjednika Republike Hrvatske Stjepana Mesi\u0107a.<\/p>\n<p>[\/et_pb_text][et_pb_text _builder_version=&#8221;4.24.2&#8243; _module_preset=&#8221;default&#8221; text_font=&#8221;Crimson Pro||||||||&#8221; text_line_height=&#8221;1.75em&#8221; text_orientation=&#8221;justified&#8221; scroll_fade_enable=&#8221;on&#8221; scroll_fade=&#8221;0|17|17|37|0|50%|100%&#8221; motion_trigger_start=&#8221;top&#8221; global_colors_info=&#8221;{}&#8221;]Ustanova \u017eeli biti referentno mjesto za za\u0161titu talijanskog nacionalnog identiteta stanovni\u0161tva ovog kraja, a kroz desetlje\u0107a djelovanja stvorila je jedinstvenu i neprocjenjivu znanstvenu i kulturnu ba\u0161tinu koja iziskuje posebnu za\u0161titu i valorizaciju. Centar za povijesna istra\u017eivanja je znanstveno-istra\u017eiva\u010dka ustanova prepoznata kao model izvrsnosti koji slu\u017ei kao mjesto susreta, suradnje i dijaloga me\u0111u znanstvenicima triju zemalja. Osim toga, ima sredi\u0161nju ulogu u podru\u010dju istra\u017eivanja i valorizacije povijesne ba\u0161tine istarsko-kvarnerskog podru\u010dja i gra\u0111anske tradicije talijanske zajednice. Zahvaljuju\u0107i podr\u0161ci triju zemalja, posebno Italije, a zatim i Hrvatske i Slovenije, Centar je otvoren za stalni dijalog izme\u0111u tri kulture. [\/et_pb_text][\/et_pb_column][\/et_pb_row][\/et_pb_section][et_pb_section fb_built=&#8221;1&#8243; _builder_version=&#8221;4.20.2&#8243; _module_preset=&#8221;default&#8221; background_image=&#8221;https:\/\/crsrv.org\/wp-content\/uploads\/2023\/03\/crsrv-pattern-background.png&#8221; background_size=&#8221;initial&#8221; background_repeat=&#8221;repeat&#8221; custom_padding=&#8221;||5px|||&#8221; da_disable_devices=&#8221;off|off|off&#8221; global_colors_info=&#8221;{}&#8221; da_is_popup=&#8221;off&#8221; da_exit_intent=&#8221;off&#8221; da_has_close=&#8221;on&#8221; da_alt_close=&#8221;off&#8221; da_dark_close=&#8221;off&#8221; da_not_modal=&#8221;on&#8221; da_is_singular=&#8221;off&#8221; da_with_loader=&#8221;off&#8221; da_has_shadow=&#8221;on&#8221;][et_pb_row column_structure=&#8221;1_2,1_2&#8243; use_custom_gutter=&#8221;on&#8221; _builder_version=&#8221;4.20.2&#8243; _module_preset=&#8221;default&#8221; width=&#8221;85%&#8221; max_width=&#8221;90%&#8221; module_alignment=&#8221;center&#8221; custom_css_main_element=&#8221;align-items: center;&#8221; global_colors_info=&#8221;{}&#8221;][et_pb_column type=&#8221;1_2&#8243; _builder_version=&#8221;4.20.2&#8243; _module_preset=&#8221;default&#8221; pac_dcm_carousel_specific_module_num=&#8221;0&#8243; global_colors_info=&#8221;{}&#8221;][et_pb_text _builder_version=&#8221;4.23.1&#8243; _module_preset=&#8221;default&#8221; header_font=&#8221;Crimson Pro||||||||&#8221; header_text_color=&#8221;#727272&#8243; header_font_size=&#8221;90px&#8221; header_line_height=&#8221;1.1em&#8221; custom_margin=&#8221;||31px|||&#8221; custom_padding=&#8221;|||50px|false|false&#8221; animation_style=&#8221;fade&#8221; animation_starting_opacity=&#8221;17%&#8221; global_colors_info=&#8221;{}&#8221;]<\/p>\n<h1 data-v-383dd88e=\"\" class=\"fs-xxl fromBottom below-viewport in-viewport\" data-in-viewport=\"i33\">Djelatnosti<\/h1>\n<p>[\/et_pb_text][et_pb_text _builder_version=&#8221;4.24.2&#8243; _module_preset=&#8221;default&#8221; text_font=&#8221;Crimson Pro||||||||&#8221; text_line_height=&#8221;1.75em&#8221; text_orientation=&#8221;justified&#8221; max_width=&#8221;700px&#8221; module_alignment=&#8221;left&#8221; custom_padding=&#8221;|||100px|false|false&#8221; global_colors_info=&#8221;{}&#8221;]Centar za povijesna istra\u017eivanja bavi se znanstvenim istra\u017eivanjima, izdava\u0161tvom i dokumentarnom djelatno\u0161\u0107u s ciljem o\u010duvanja, promicanja i razvoja talijanske kulture i identiteta te njegovanja vrijednosti suradnje i su\u017eivota. Bavi se pograni\u010dnom historiografijom koja je usko povezana s hrvatskom i slovenskom historiografijom, \u0161to se smatra pozitivnim \u010dimbenikom obzirom da je samo dijalogom i zdravim su\u010deljavanjem mogu\u0107e nadi\u0107i razlike u sna\u017enoj proeuropskoj perspektivi bez podjela. [\/et_pb_text][\/et_pb_column][et_pb_column type=&#8221;1_2&#8243; _builder_version=&#8221;4.20.2&#8243; _module_preset=&#8221;default&#8221; pac_dcm_carousel_specific_module_num=&#8221;0&#8243; global_colors_info=&#8221;{}&#8221;][et_pb_image src=&#8221;https:\/\/crsrv.org\/wp-content\/uploads\/245a59fe.jpg&#8221; title_text=&#8221;245a59fe&#8221; align=&#8221;right&#8221; _builder_version=&#8221;4.24.0&#8243; _module_preset=&#8221;default&#8221; global_colors_info=&#8221;{}&#8221;][\/et_pb_image][\/et_pb_column][\/et_pb_row][et_pb_row make_equal=&#8221;on&#8221; _builder_version=&#8221;4.20.2&#8243; _module_preset=&#8221;default&#8221; width=&#8221;85%&#8221; max_width=&#8221;90%&#8221; module_alignment=&#8221;center&#8221; custom_css_main_element=&#8221;align-items: center;&#8221; global_colors_info=&#8221;{}&#8221;][et_pb_column type=&#8221;4_4&#8243; _builder_version=&#8221;4.20.2&#8243; _module_preset=&#8221;default&#8221; pac_dcm_carousel_specific_module_num=&#8221;0&#8243; global_colors_info=&#8221;{}&#8221;][et_pb_text _builder_version=&#8221;4.24.2&#8243; _module_preset=&#8221;default&#8221; text_font=&#8221;Crimson Pro||||||||&#8221; text_line_height=&#8221;1.75em&#8221; text_orientation=&#8221;justified&#8221; scroll_fade_enable=&#8221;on&#8221; scroll_fade=&#8221;0|16|16|36|0|50%|100&#8243; motion_trigger_start=&#8221;top&#8221; global_colors_info=&#8221;{}&#8221;]<\/p>\n<p>Teme koje obra\u0111uju izdanja Centra (\u010dasopisi, monografske serije, dokumenti) donose sintezu istra\u017eivanja svih aspekata i svih povijesnih razdoblja na ovom prostoru od antike do danas. Osobita se pozornost posve\u0107uje za\u0161titi nacionalnog identiteta talijanske zajednice u Istri, Rijeci i dijelu Dalmacije, u smislu jedinstvene povijesne cjeline. Naime, Centar ima vrlo va\u017ean zadatak dokumentiranja \u017eivota talijanske nacionalne zajednice koja se na\u0161la izvan granica Italije nakon zavr\u0161etka Drugog svjetskog rata i Mirovnog sporazuma iz 1947. godine. Velika pa\u017enja posve\u0107uje se prikupljanju i obradi arhivske gra\u0111e koja se ti\u010de dru\u0161tveno-politi\u010dkih i umjetni\u010dko-kulturnih aktivnosti na tom podru\u010dju, posebice onih vezanih za \u200b\u200btalijansku nacionalnost. S posebnom pozorno\u0161\u0107u pristupa se i identifikaciji, prikupljanju i katalogizaciji arhivske gra\u0111e o Drugom svjetskom ratu i tragediji egzodusa Talijana iz Istre, Rijeke i Dalmacije tijekom i nakon sukoba.<\/p>\n<p>[\/et_pb_text][et_pb_text _builder_version=&#8221;4.24.2&#8243; _module_preset=&#8221;default&#8221; text_font=&#8221;Crimson Pro||||||||&#8221; text_line_height=&#8221;1.75em&#8221; text_orientation=&#8221;justified&#8221; scroll_fade_enable=&#8221;on&#8221; scroll_fade=&#8221;0|17|17|37|0|50%|100%&#8221; motion_trigger_start=&#8221;top&#8221; global_colors_info=&#8221;{}&#8221;]<\/p>\n<p>Ustanova ima priznatu i prepoznatu ulogu \u2013 znanstvenu, kulturnu i gra\u0111ansku \u201emisiju\u201c u okviru manjinske zajednice i podru\u010dja na kojem djeluje. Otvoren i dinami\u010dan pristup istra\u017eiva\u010dkim i ure\u0111iva\u010dkim programima dokazuje da je ustanova odlu\u010dna u namjeri da u sferi svoje nadle\u017enosti bude protagonist, koordinator i promotor navedenih istra\u017eivanja i aktivnosti. Djelatnost Centra za povijesna istra\u017eivanja nedvojbeno doprinosi procesu o\u010duvanja jezika i kulture talijanskog stanovni\u0161tva koje \u017eivi u Hrvatskoj i Sloveniji.<\/p>\n<p>[\/et_pb_text][\/et_pb_column][\/et_pb_row][\/et_pb_section]<\/p>\n","protected":false},"excerpt":{"rendered":"<p>PovijestustanoveCentar za povijesna istra\u017eivanja je ustanova Talijanske nacionalne zajednice koja \u017eivi i djeluje na podru\u010dju Istre, Rijeke i Dalmacije, u \u010dije ime ostvaruje pravo na povijesna istra\u017eivanja. U studenom 1968. godine, Talijanska unija za Istru i Rijeku, dana\u0161nja Talijanska unija, daje prijedlog za utemeljenje centra povijesnih studija Talijanske nacionalne zajednice u Jugoslaviji. Rije\u010d je o organizaciji Talijana Republike Hrvatske i Slovenije \u010diji je cilj o\u010duvanje i razvoj nacionalnog, kulturnog i jezi\u010dnog identiteta Talijana na tom podru\u010dju.Ispo\u010detka je osnovan Odjel za povijest sa zada\u0107om uklju\u010divanja velikog broja znanstvenika i ljubitelja povijesti, a koji se 12. velja\u010de 1969. razvio u Centar za povijesna istra\u017eivanja sa sjedi\u0161tem u Rovinju. U prosincu 1969. godine, prof. Giovanni Radossi imenovan je za prvog\u00a0 ravnatelja. Ustanova se nalazi u samom sredi\u0161tu povijesne jezgre Rovinja, pokraj Gradske vije\u0107nice. U pro\u0161losti je zgrada bila sjedi\u0161te Fontika Sv. Damjana (15.\u201318. st.), a kasnije i prvo sjedi\u0161te Tvornice duhana Rovinj (1872.). Od 1978. godine, sjedi\u0161te je Centra za povijesna istra\u017eivanja koje je 2000. potpuno obnovljeno i pro\u0161ireno te je postalo rasko\u0161na zgrada kakva je i danas. Sve\u010dano otvorenje odr\u017eano je 2001. godine u nazo\u010dnosti predsjednika Republike Italije Carla Azeglia Ciampija i predsjednika Republike Hrvatske Stjepana Mesi\u0107a.Ustanova \u017eeli biti referentno mjesto za [&hellip;]<\/p>\n","protected":false},"author":1,"featured_media":0,"parent":0,"menu_order":0,"comment_status":"closed","ping_status":"closed","template":"","meta":{"_et_pb_use_builder":"on","_et_pb_old_content":"","_et_gb_content_width":"","pgc_sgb_lightbox_settings":"","footnotes":""},"class_list":["post-343664","page","type-page","status-publish","hentry"],"jetpack_sharing_enabled":true,"_links":{"self":[{"href":"https:\/\/crsrv.org\/hr\/wp-json\/wp\/v2\/pages\/343664","targetHints":{"allow":["GET"]}}],"collection":[{"href":"https:\/\/crsrv.org\/hr\/wp-json\/wp\/v2\/pages"}],"about":[{"href":"https:\/\/crsrv.org\/hr\/wp-json\/wp\/v2\/types\/page"}],"author":[{"embeddable":true,"href":"https:\/\/crsrv.org\/hr\/wp-json\/wp\/v2\/users\/1"}],"replies":[{"embeddable":true,"href":"https:\/\/crsrv.org\/hr\/wp-json\/wp\/v2\/comments?post=343664"}],"version-history":[{"count":3,"href":"https:\/\/crsrv.org\/hr\/wp-json\/wp\/v2\/pages\/343664\/revisions"}],"predecessor-version":[{"id":378400,"href":"https:\/\/crsrv.org\/hr\/wp-json\/wp\/v2\/pages\/343664\/revisions\/378400"}],"wp:attachment":[{"href":"https:\/\/crsrv.org\/hr\/wp-json\/wp\/v2\/media?parent=343664"}],"curies":[{"name":"wp","href":"https:\/\/api.w.org\/{rel}","templated":true}]}}