{"id":343667,"date":"2023-03-15T09:40:25","date_gmt":"2023-03-15T08:40:25","guid":{"rendered":"https:\/\/crsrv.pixels.hr\/kontakt\/"},"modified":"2025-04-24T12:27:40","modified_gmt":"2025-04-24T11:27:40","slug":"kontakt","status":"publish","type":"page","link":"https:\/\/crsrv.org\/hr\/kontakt\/","title":{"rendered":"Kontakt"},"content":{"rendered":"<p>[et_pb_section fb_built=&#8221;1&#8243; _builder_version=&#8221;4.20.2&#8243; _module_preset=&#8221;default&#8221; background_enable_image=&#8221;off&#8221; background_size=&#8221;custom&#8221; background_image_width=&#8221;43%&#8221; background_image_height=&#8221;43%&#8221; background_repeat=&#8221;repeat&#8221; custom_padding=&#8221;||10vh||false|false&#8221; da_disable_devices=&#8221;off|off|off&#8221; global_colors_info=&#8221;{}&#8221; da_is_popup=&#8221;off&#8221; da_exit_intent=&#8221;off&#8221; da_has_close=&#8221;on&#8221; da_alt_close=&#8221;off&#8221; da_dark_close=&#8221;off&#8221; da_not_modal=&#8221;on&#8221; da_is_singular=&#8221;off&#8221; da_with_loader=&#8221;off&#8221; da_has_shadow=&#8221;on&#8221;][et_pb_row column_structure=&#8221;1_2,1_2&#8243; use_custom_gutter=&#8221;on&#8221; _builder_version=&#8221;4.20.2&#8243; _module_preset=&#8221;default&#8221; width=&#8221;85%&#8221; max_width=&#8221;90%&#8221; module_alignment=&#8221;center&#8221; custom_css_main_element=&#8221;align-items: center;&#8221; global_colors_info=&#8221;{}&#8221;][et_pb_column type=&#8221;1_2&#8243; _builder_version=&#8221;4.20.2&#8243; _module_preset=&#8221;default&#8221; pac_dcm_carousel_specific_module_num=&#8221;0&#8243; global_colors_info=&#8221;{}&#8221;][et_pb_text _builder_version=&#8221;4.23.1&#8243; _module_preset=&#8221;default&#8221; text_font=&#8221;Crimson Pro||||||||&#8221; text_text_color=&#8221;#939393&#8243; text_font_size=&#8221;19px&#8221; text_line_height=&#8221;1.6em&#8221; header_text_color=&#8221;#727272&#8243; header_font_size=&#8221;85px&#8221; custom_margin=&#8221;0px||0px||false|false&#8221; custom_padding=&#8221;||0px||false|true&#8221; header_font_size_tablet=&#8221;50px&#8221; header_font_size_phone=&#8221;50px&#8221; header_font_size_last_edited=&#8221;on|tablet&#8221; global_colors_info=&#8221;{}&#8221;]<\/p>\n<h1>Kontakt<\/h1>\n<p>[\/et_pb_text][et_pb_text _builder_version=&#8221;4.27.4&#8243; _module_preset=&#8221;default&#8221; text_font=&#8221;Crimson Pro||||||||&#8221; text_text_color=&#8221;#939393&#8243; text_font_size=&#8221;20px&#8221; text_line_height=&#8221;1.6em&#8221; header_3_text_color=&#8221;#727272&#8243; header_3_font_size=&#8221;25px&#8221; custom_margin=&#8221;0px||0px||false|false&#8221; custom_padding=&#8221;5vh||0px||false|true&#8221; animation_direction=&#8221;left&#8221; global_colors_info=&#8221;{}&#8221;]<\/p>\n<p data-v-75c41bf5=\"\" class=\"time1 pb-sm fromBottom in-viewport\" data-in-viewport=\"i33\"><span style=\"color: #808080;\"><a href=\"https:\/\/www.google.com\/maps\/place\/Center+for+Historical+Research\/@45.0822389,13.6333245,19z\/data=!3m1!4b1!4m5!3m4!1s0x477cc083c515416f:0x279f8fe7752e0787!8m2!3d45.082238!4d13.633873?shorturl=1\" style=\"color: #808080;\" target=\"_blank\" rel=\"noopener\">Trg \/ Piazza Matteotti 13,<\/a><\/span><br data-v-75c41bf5=\"\" \/><span style=\"color: #808080;\"><a href=\"https:\/\/www.google.com\/maps\/place\/Center+for+Historical+Research\/@45.0822389,13.6333245,19z\/data=!3m1!4b1!4m5!3m4!1s0x477cc083c515416f:0x279f8fe7752e0787!8m2!3d45.082238!4d13.633873?shorturl=1\" style=\"color: #808080;\" target=\"_blank\" rel=\"noopener\">52210 Rovinj-Rovigno (HR)<\/a><\/span><\/p>\n<div data-v-75c41bf5=\"\" class=\"time1 u-flex u-flex-fd--r fromBottom in-viewport\" data-in-viewport=\"i34\">\n<p data-v-75c41bf5=\"\" class=\"pb-sm\">Tel. +385 52 811 133 <span style=\"color: #808080;\"><a href=\"+38552811133\" style=\"color: #808080;\">+385 52 811 133<\/a><\/span><\/p>\n<\/div>\n<p data-v-75c41bf5=\"\" class=\"pb-sm\">email: <span style=\"color: #808080;\"><a href=\"mailto:info@crsrv.org\" style=\"color: #808080;\">info@crsrv.org<\/a><\/span><br \/>email ATTI: <span style=\"color: #333333;\"><a href=\"mailto:atti@crsrv.org\" style=\"color: #808080;\">atti@crsrv.org<\/a><\/span><\/p>\n<p>Direktor \/ glavni urednik \u010dasopisa: Raul Marseti\u010d<br \/>email: <span style=\"color: #808080;\"><a href=\"mailto:marsetic@crsrv.org\" style=\"color: #808080;\">marsetic@crsrv.org<\/a><\/span><\/p>\n<p>Direktorica \u010dasopisa ATTI: Orietta Moscarda<br \/>email: <span style=\"color: #808080;\"><a href=\"mailto:orietta@crsrv.org\" style=\"color: #808080;\">orietta@crsrv.org<\/a><\/span><\/p>\n<p>[\/et_pb_text][et_pb_divider color=&#8221;#727272&#8243; _builder_version=&#8221;4.20.2&#8243; _module_preset=&#8221;default&#8221; width=&#8221;400px&#8221; custom_margin=&#8221;||16px||false|false&#8221; custom_padding=&#8221;5vh||||false|false&#8221; global_colors_info=&#8221;{}&#8221;][\/et_pb_divider][et_pb_text _builder_version=&#8221;4.27.4&#8243; _module_preset=&#8221;default&#8221; text_font=&#8221;Crimson Pro||||||||&#8221; text_text_color=&#8221;#939393&#8243; text_font_size=&#8221;19px&#8221; text_line_height=&#8221;1.6em&#8221; header_3_text_color=&#8221;#727272&#8243; header_3_font_size=&#8221;25px&#8221; custom_margin=&#8221;0px||0px||false|false&#8221; custom_padding=&#8221;0px||0px||false|true&#8221; hover_enabled=&#8221;0&#8243; global_colors_info=&#8221;{}&#8221; sticky_enabled=&#8221;0&#8243;]<\/p>\n<h3 class=\"ptb-sm font24 time1\">RADNO VRIJEME<\/h3>\n<div data-v-75c41bf5=\"\" class=\"time1 u-flex u-flex-fd--r\">\n<p data-v-75c41bf5=\"\" class=\"pr-xs\">Od ponedjeljka do petka: <b data-v-75c41bf5=\"\" style=\"font-size: 19px;\">08:00-15:00<\/b><\/p>\n<\/div>\n<div data-v-75c41bf5=\"\" class=\"time1 u-flex u-flex-fd--r\">\n<p data-v-75c41bf5=\"\" class=\"pr-xs\">Subota i nedjelja: <span style=\"font-size: 19px;\">zatvoreno<\/span><\/p>\n<\/div>\n<p>[\/et_pb_text][\/et_pb_column][et_pb_column type=&#8221;1_2&#8243; _builder_version=&#8221;4.20.2&#8243; _module_preset=&#8221;default&#8221; pac_dcm_carousel_specific_module_num=&#8221;0&#8243; global_colors_info=&#8221;{}&#8221;][et_pb_image src=&#8221;https:\/\/crsrv.org\/wp-content\/uploads\/crsrv-contatti-2025.jpg&#8221; title_text=&#8221;crsrv-kontakti-2025&#8243; _builder_version=&#8221;4.27.4&#8243; _module_preset=&#8221;default&#8221; global_colors_info=&#8221;{}&#8221;][\/et_pb_image][\/et_pb_column][\/et_pb_row][\/et_pb_section]<\/p>\n","protected":false},"excerpt":{"rendered":"<p>KontaktTrg \/ Piazza Matteotti 13,52210 Rovinj-Rovigno (HR) Tel. +385 52 811 133 +385 52 811 133 email: info@crsrv.orgemail ATTI: atti@crsrv.org Direktor \/ glavni urednik \u010dasopisa: Raul Marseti\u010demail: marsetic@crsrv.org Direktorica \u010dasopisa ATTI: Orietta Moscardaemail: orietta@crsrv.orgRADNO VRIJEME Od ponedjeljka do petka: 08:00-15:00 Subota i nedjelja: zatvoreno<\/p>\n","protected":false},"author":1,"featured_media":0,"parent":0,"menu_order":0,"comment_status":"closed","ping_status":"closed","template":"","meta":{"_et_pb_use_builder":"on","_et_pb_old_content":"","_et_gb_content_width":"","pgc_sgb_lightbox_settings":"","footnotes":""},"class_list":["post-343667","page","type-page","status-publish","hentry"],"jetpack_sharing_enabled":true,"_links":{"self":[{"href":"https:\/\/crsrv.org\/hr\/wp-json\/wp\/v2\/pages\/343667","targetHints":{"allow":["GET"]}}],"collection":[{"href":"https:\/\/crsrv.org\/hr\/wp-json\/wp\/v2\/pages"}],"about":[{"href":"https:\/\/crsrv.org\/hr\/wp-json\/wp\/v2\/types\/page"}],"author":[{"embeddable":true,"href":"https:\/\/crsrv.org\/hr\/wp-json\/wp\/v2\/users\/1"}],"replies":[{"embeddable":true,"href":"https:\/\/crsrv.org\/hr\/wp-json\/wp\/v2\/comments?post=343667"}],"version-history":[{"count":16,"href":"https:\/\/crsrv.org\/hr\/wp-json\/wp\/v2\/pages\/343667\/revisions"}],"predecessor-version":[{"id":377560,"href":"https:\/\/crsrv.org\/hr\/wp-json\/wp\/v2\/pages\/343667\/revisions\/377560"}],"wp:attachment":[{"href":"https:\/\/crsrv.org\/hr\/wp-json\/wp\/v2\/media?parent=343667"}],"curies":[{"name":"wp","href":"https:\/\/api.w.org\/{rel}","templated":true}]}}