{"id":352318,"date":"2023-03-15T09:38:56","date_gmt":"2023-03-15T08:38:56","guid":{"rendered":"https:\/\/crsrv.org\/o-nas\/"},"modified":"2024-05-20T10:20:28","modified_gmt":"2024-05-20T09:20:28","slug":"o-nas","status":"publish","type":"page","link":"https:\/\/crsrv.org\/sl\/o-nas\/","title":{"rendered":"O nas"},"content":{"rendered":"<p>[et_pb_section fb_built=&#8221;1&#8243; _builder_version=&#8221;4.20.2&#8243; _module_preset=&#8221;default&#8221; background_image=&#8221;https:\/\/crsrv.org\/wp-content\/uploads\/2023\/03\/crsrv-pattern-background.png&#8221; background_size=&#8221;initial&#8221; background_repeat=&#8221;repeat&#8221; custom_padding=&#8221;||5px|||&#8221; da_disable_devices=&#8221;off|off|off&#8221; global_colors_info=&#8221;{}&#8221; da_is_popup=&#8221;off&#8221; da_exit_intent=&#8221;off&#8221; da_has_close=&#8221;on&#8221; da_alt_close=&#8221;off&#8221; da_dark_close=&#8221;off&#8221; da_not_modal=&#8221;on&#8221; da_is_singular=&#8221;off&#8221; da_with_loader=&#8221;off&#8221; da_has_shadow=&#8221;on&#8221;][et_pb_row column_structure=&#8221;1_2,1_2&#8243; use_custom_gutter=&#8221;on&#8221; disabled_on=&#8221;off|off|off&#8221; _builder_version=&#8221;4.23.1&#8243; _module_preset=&#8221;default&#8221; width=&#8221;85%&#8221; max_width=&#8221;90%&#8221; module_alignment=&#8221;center&#8221; custom_css_main_element=&#8221;align-items: center;&#8221; global_colors_info=&#8221;{}&#8221;][et_pb_column type=&#8221;1_2&#8243; _builder_version=&#8221;4.20.2&#8243; _module_preset=&#8221;default&#8221; pac_dcm_carousel_specific_module_num=&#8221;0&#8243; global_colors_info=&#8221;{}&#8221;][et_pb_text _builder_version=&#8221;4.24.2&#8243; _module_preset=&#8221;default&#8221; header_font=&#8221;Crimson Pro||||||||&#8221; header_text_color=&#8221;#727272&#8243; header_font_size=&#8221;90px&#8221; header_line_height=&#8221;1.1em&#8221; custom_margin=&#8221;||0px||false|false&#8221; custom_padding=&#8221;||0px||false|false&#8221; animation_style=&#8221;fade&#8221; animation_starting_opacity=&#8221;17%&#8221; header_font_size_tablet=&#8221;100px&#8221; header_font_size_phone=&#8221;50px&#8221; header_font_size_last_edited=&#8221;on|phone&#8221; global_colors_info=&#8221;{}&#8221;]<\/p>\n<h1>Zgodovina<\/h1>\n<p>[\/et_pb_text][et_pb_text _builder_version=&#8221;4.24.2&#8243; _module_preset=&#8221;default&#8221; header_font=&#8221;Crimson Pro||||||||&#8221; header_text_color=&#8221;#727272&#8243; header_font_size=&#8221;90px&#8221; header_line_height=&#8221;1.1em&#8221; custom_padding=&#8221;|||50px|false|false&#8221; animation_style=&#8221;fade&#8221; animation_starting_opacity=&#8221;17%&#8221; header_font_size_tablet=&#8221;90px&#8221; header_font_size_phone=&#8221;50px&#8221; header_font_size_last_edited=&#8221;on|phone&#8221; global_colors_info=&#8221;{}&#8221;]<\/p>\n<h1 style=\"text-align: left;\">ustanove<\/h1>\n<p>[\/et_pb_text][et_pb_text _builder_version=&#8221;4.25.1&#8243; _module_preset=&#8221;default&#8221; text_font=&#8221;Crimson Pro||||||||&#8221; text_line_height=&#8221;1.75em&#8221; text_orientation=&#8221;justified&#8221; module_alignment=&#8221;right&#8221; custom_padding=&#8221;|||100px|false|false&#8221; custom_padding_tablet=&#8221;|||100px|false|false&#8221; custom_padding_phone=&#8221;|||0px|false|false&#8221; custom_padding_last_edited=&#8221;on|phone&#8221; hover_enabled=&#8221;0&#8243; global_colors_info=&#8221;{}&#8221; sticky_enabled=&#8221;0&#8243;]<\/p>\n<p><span style=\"font-weight: 400;\">Sredi\u0161\u010de za <\/span><span style=\"font-weight: 400;\">zgodovinska raziskovanja<\/span><span style=\"font-weight: 400;\"> Rovinj<\/span> je ustanova italijanske narodne skupnosti, ki \u017eivi in \u200b\u200bdeluje na obmo\u010dju Istre, Reke in Dalmacije, v imenu katere uresni\u010duje pravico do zgodovinskega raziskovanja. Novembra 1968 je Italijanska unija za Istro in Reko, dana\u0161nja Italijanska unija, predlagala ustanovitev sredi\u0161\u010da za zgodovinske raziskave za zgodovinske \u0161tudije italijanske narodne skupnosti v Jugoslaviji. Je organizacija Italijanov iz Republike Hrva\u0161ke in Slovenije, katere cilj je ohranjanje in razvoj narodne, kulturne in jezikovne identitete Italijanov na tem obmo\u010dju.<\/p>\n<p>[\/et_pb_text][et_pb_image src=&#8221;https:\/\/crsrv.org\/wp-content\/uploads\/2023\/03\/down-arrow-crsrv-home.png&#8221; title_text=&#8221;down-arrow-crsrv-home&#8221; url=&#8221;#cronologia&#8221; disabled_on=&#8221;on|on|off&#8221; _builder_version=&#8221;4.23.1&#8243; _module_preset=&#8221;default&#8221; positioning=&#8221;absolute&#8221; position_origin_a=&#8221;center_left&#8221; width=&#8221;100%&#8221; max_width=&#8221;50px&#8221; max_height=&#8221;100px&#8221; filter_brightness=&#8221;0%&#8221; custom_css_before=&#8221;animation: fade;&#8221; custom_css_main_element=&#8221;animation: fade;&#8221; global_colors_info=&#8221;{}&#8221;][\/et_pb_image][\/et_pb_column][et_pb_column type=&#8221;1_2&#8243; _builder_version=&#8221;4.20.2&#8243; _module_preset=&#8221;default&#8221; pac_dcm_carousel_specific_module_num=&#8221;0&#8243; global_colors_info=&#8221;{}&#8221;][et_pb_image src=&#8221;https:\/\/crsrv.org\/wp-content\/uploads\/1290633d.jpg&#8221; title_text=&#8221;1290633d&#8221; align=&#8221;right&#8221; _builder_version=&#8221;4.24.0&#8243; _module_preset=&#8221;default&#8221; global_colors_info=&#8221;{}&#8221;][\/et_pb_image][\/et_pb_column][\/et_pb_row][et_pb_row make_equal=&#8221;on&#8221; _builder_version=&#8221;4.20.2&#8243; _module_preset=&#8221;default&#8221; width=&#8221;85%&#8221; max_width=&#8221;90%&#8221; module_alignment=&#8221;center&#8221; custom_css_main_element=&#8221;align-items: center;&#8221; global_colors_info=&#8221;{}&#8221;][et_pb_column type=&#8221;4_4&#8243; _builder_version=&#8221;4.20.2&#8243; _module_preset=&#8221;default&#8221; pac_dcm_carousel_specific_module_num=&#8221;0&#8243; global_colors_info=&#8221;{}&#8221;][et_pb_text _builder_version=&#8221;4.25.1&#8243; _module_preset=&#8221;default&#8221; text_font=&#8221;Crimson Pro||||||||&#8221; text_line_height=&#8221;1.75em&#8221; text_orientation=&#8221;justified&#8221; scroll_fade_enable=&#8221;on&#8221; scroll_fade=&#8221;0|16|16|36|0|50%|100&#8243; motion_trigger_start=&#8221;top&#8221; hover_enabled=&#8221;0&#8243; global_colors_info=&#8221;{}&#8221; custom_padding=&#8221;0px|||||&#8221; sticky_enabled=&#8221;0&#8243;]<\/p>\n<p>V za\u010detku je bil ustanovljen Oddelek za zgodovino z nalogo vklju\u010devanja velikega \u0161tevila znanstvenikov in ljubiteljev zgodovine, ki se je 12. februarja 1969 razvil v <span style=\"font-weight: 400;\">Sredi\u0161\u010de za <\/span><span style=\"font-weight: 400;\">zgodovinska raziskovanja<\/span><span style=\"font-weight: 400;\"> Rovinj<\/span>. Decembra 1969 je za prvega ravnatelja bil imenovan prof. Giovanni Radossi.<\/p>\n<p><span style=\"font-weight: 400;\">Ustanova <\/span><span style=\"font-weight: 400;\">se nahaja<\/span><span style=\"font-weight: 400;\"> v samem sredi\u0161\u010du <\/span><span style=\"font-weight: 400;\">mestnega<\/span><span style=\"font-weight: 400;\"> jedra Rovinja<\/span>, poleg mestne hi\u0161e. V preteklosti je bila stavba sede\u017e Fontika Sv. Damjana (15.-18. stoletje), kasneje pa prvi sede\u017e Tovarne tobaka Rovinj (1872). Od leta 1978 je sede\u017e <span>Sredi\u0161\u010de za zgodovinska raziskovanja Rovinj<\/span>, ki je bil leta 2000 popolnoma prenovljen in raz\u0161irjen ter je postal razko\u0161na stavba, kakr\u0161na je danes. Uradna otvoritev je bila leta 2001 v navzo\u010dnosti predsednika Republike Italije Carla Azeglia Ciampija in predsednika Republike Hrva\u0161ke Stjepana Mesi\u0107a.<\/p>\n<p>Ustanova \u017eeli biti referen\u010dna to\u010dka za za\u0161\u010dito italijanske narodne identitete prebivalcev te pokrajine in je skozi desetletja delovanja ustvarila edinstveno in neprecenljivo znanstveno in kulturno dedi\u0161\u010dino, ki zahteva posebno za\u0161\u010dito in valorizacijo. <span>Sredi\u0161\u010de za zgodovinska raziskovanja Rovinj<\/span> je znanstvenoraziskovalna ustanova, prepoznana kot vzor odli\u010dnosti, ki slu\u017ei kot sti\u010di\u0161\u010de za sodelovanje in dialog med znanstveniki treh dr\u017eav. Poleg tega ima glavno vlogo na podro\u010dju raziskovanja in valorizacije zgodovinske dedi\u0161\u010dine istrsko-kvarnerskega prostora in tradicije italijanske skupnosti. Zaradi podpore treh dr\u017eav, predvsem Italije, nato \u0161e Hrva\u0161ke in Slovenije, je Sredi\u0161\u010de odprt za nenehen dialog med tremi kulturami.<\/p>\n<p>[\/et_pb_text][\/et_pb_column][\/et_pb_row][\/et_pb_section][et_pb_section fb_built=&#8221;1&#8243; _builder_version=&#8221;4.20.2&#8243; _module_preset=&#8221;default&#8221; background_image=&#8221;https:\/\/crsrv.org\/wp-content\/uploads\/2023\/03\/crsrv-pattern-background.png&#8221; background_size=&#8221;initial&#8221; background_repeat=&#8221;repeat&#8221; custom_padding=&#8221;||5px|||&#8221; da_disable_devices=&#8221;off|off|off&#8221; global_colors_info=&#8221;{}&#8221; da_is_popup=&#8221;off&#8221; da_exit_intent=&#8221;off&#8221; da_has_close=&#8221;on&#8221; da_alt_close=&#8221;off&#8221; da_dark_close=&#8221;off&#8221; da_not_modal=&#8221;on&#8221; da_is_singular=&#8221;off&#8221; da_with_loader=&#8221;off&#8221; da_has_shadow=&#8221;on&#8221;][et_pb_row column_structure=&#8221;1_2,1_2&#8243; use_custom_gutter=&#8221;on&#8221; _builder_version=&#8221;4.20.2&#8243; _module_preset=&#8221;default&#8221; width=&#8221;85%&#8221; max_width=&#8221;90%&#8221; module_alignment=&#8221;center&#8221; custom_css_main_element=&#8221;align-items: center;&#8221; global_colors_info=&#8221;{}&#8221;][et_pb_column type=&#8221;1_2&#8243; _builder_version=&#8221;4.20.2&#8243; _module_preset=&#8221;default&#8221; pac_dcm_carousel_specific_module_num=&#8221;0&#8243; global_colors_info=&#8221;{}&#8221;][et_pb_text _builder_version=&#8221;4.23.1&#8243; _module_preset=&#8221;default&#8221; header_font=&#8221;Crimson Pro||||||||&#8221; header_text_color=&#8221;#727272&#8243; header_font_size=&#8221;90px&#8221; header_line_height=&#8221;1.1em&#8221; custom_margin=&#8221;||31px|||&#8221; custom_padding=&#8221;|||50px|false|false&#8221; custom_padding_tablet=&#8221;|||50px|false|false&#8221; custom_padding_phone=&#8221;|||0px|false|false&#8221; custom_padding_last_edited=&#8221;on|phone&#8221; animation_style=&#8221;fade&#8221; animation_starting_opacity=&#8221;17%&#8221; header_text_align_tablet=&#8221;&#8221; header_text_align_phone=&#8221;left&#8221; header_text_align_last_edited=&#8221;on|phone&#8221; global_colors_info=&#8221;{}&#8221;]<\/p>\n<h1 class=\"fs-xxl fromBottom below-viewport in-viewport\" data-v-383dd88e=\"\" data-in-viewport=\"i6\">Dejavnosti<\/h1>\n<p>[\/et_pb_text][et_pb_text _builder_version=&#8221;4.25.1&#8243; _module_preset=&#8221;default&#8221; text_font=&#8221;Crimson Pro||||||||&#8221; text_line_height=&#8221;1.75em&#8221; max_width=&#8221;700px&#8221; module_alignment=&#8221;left&#8221; custom_padding=&#8221;|||100px|false|false&#8221; custom_padding_tablet=&#8221;|||100px|false|false&#8221; custom_padding_phone=&#8221;|||0px|false|false&#8221; custom_padding_last_edited=&#8221;on|phone&#8221; hover_enabled=&#8221;0&#8243; global_colors_info=&#8221;{}&#8221; sticky_enabled=&#8221;0&#8243;]<\/p>\n<p><span style=\"font-weight: 400;\">Sredi\u0161\u010de za zgodovinska raziskovanja se ukvarja z znanstvenoraziskovalno, zalo\u017eni\u0161ko in dokumentaristi\u010dno dejavnostjo<\/span> z namenom ohranjanja, promocije in razvoja italijanske kulture in identitete ter negovanja vrednot sodelovanja in so\u017eitja. Ukvarja se z obmejnim zgodovinopisjem, ki je tesno povezano s hrva\u0161kim in slovenskim zgodovinopisjem, kar velja za pozitiven dejavnik, saj je le z dialogom in zdravim soo\u010denjem mogo\u010de prese\u010di razlike v mo\u010dni proevropski perspektivi brez delitev.<\/p>\n<p>[\/et_pb_text][\/et_pb_column][et_pb_column type=&#8221;1_2&#8243; _builder_version=&#8221;4.20.2&#8243; _module_preset=&#8221;default&#8221; pac_dcm_carousel_specific_module_num=&#8221;0&#8243; global_colors_info=&#8221;{}&#8221;][et_pb_image src=&#8221;https:\/\/crsrv.org\/wp-content\/uploads\/245a59fe.jpg&#8221; title_text=&#8221;245a59fe&#8221; align=&#8221;right&#8221; _builder_version=&#8221;4.24.0&#8243; _module_preset=&#8221;default&#8221; global_colors_info=&#8221;{}&#8221;][\/et_pb_image][\/et_pb_column][\/et_pb_row][et_pb_row make_equal=&#8221;on&#8221; _builder_version=&#8221;4.20.2&#8243; _module_preset=&#8221;default&#8221; width=&#8221;85%&#8221; max_width=&#8221;90%&#8221; module_alignment=&#8221;center&#8221; custom_css_main_element=&#8221;align-items: center;&#8221; global_colors_info=&#8221;{}&#8221;][et_pb_column type=&#8221;4_4&#8243; _builder_version=&#8221;4.20.2&#8243; _module_preset=&#8221;default&#8221; pac_dcm_carousel_specific_module_num=&#8221;0&#8243; global_colors_info=&#8221;{}&#8221;][et_pb_text _builder_version=&#8221;4.25.0&#8243; _module_preset=&#8221;default&#8221; text_font=&#8221;Crimson Pro||||||||&#8221; text_font_size=&#8221;20px&#8221; text_line_height=&#8221;1.75em&#8221; text_orientation=&#8221;justified&#8221; scroll_fade_enable=&#8221;on&#8221; scroll_fade=&#8221;0|16|16|36|0|50%|100&#8243; motion_trigger_start=&#8221;top&#8221; global_colors_info=&#8221;{}&#8221;]<\/p>\n<p>Teme, ki jih pokrivajo publikacije Sredi\u0161\u010da (revije, monografske serije, dokumenti), prina\u0161ajo sintezo raziskav vseh vidikov in vseh zgodovinskih obdobij na tem podro\u010dju od antike do danes. Posebna pozornost je namenjena za\u0161\u010diti nacionalne identitete italijanske skupnosti v Istri, na Reki in v delu Dalmacije v smislu edinstvene zgodovinske celote. Sredi\u0161\u010de ima namre\u010d zelo pomembno nalogo, da dokumentira \u017eivljenje italijanske narodne skupnosti, ki se je po koncu druge svetovne vojne in mirovnem sporazumu leta 1947 zna\u0161la izven meja Italije. Veliko pozornost namenja zbiranju in obdelavi arhivskega gradiva o dru\u017ebenopoliti\u010dnem in umetni\u0161ko-kulturnem delovanju na tem obmo\u010dju, predvsem tistega, ki je povezano z italijansko narodnostjo. Posebna pozornost je namenjena identifikaciji, zbiranju in katalogizaciji arhivskega gradiva o drugi svetovni vojni in tragediji eksodusa Italijanov iz Istre, Reke in Dalmacije med in po vojni.<\/p>\n<p>[\/et_pb_text][et_pb_text _builder_version=&#8221;4.25.0&#8243; _module_preset=&#8221;default&#8221; text_font=&#8221;Crimson Pro||||||||&#8221; text_font_size=&#8221;20px&#8221; text_line_height=&#8221;1.75em&#8221; text_orientation=&#8221;justified&#8221; scroll_fade_enable=&#8221;on&#8221; scroll_fade=&#8221;0|17|17|37|0|50%|100%&#8221; motion_trigger_start=&#8221;top&#8221; global_colors_info=&#8221;{}&#8221;]<\/p>\n<p><span style=\"font-weight: 400;\">Ustanova ima priznano in prepoznavno vlogo \u2013 znanstveno, kulturno in civilno \u00bbposlanstvo\u00ab znotraj manj\u0161inske skupnosti in prostora, v katerem deluje. Odprt in dinami\u010den pristop k raziskovalnim in uredni\u0161kim programom dokazuje, da je ustanova odlo\u010dna biti nosilka, koordinatorka in spodbujevalka omenjenih raziskav in dejavnosti v okviru svojih pristojnosti. Dejavnost <span>Sredi\u0161\u010de za zgodovinska raziskovanja Rovinj<\/span> nedvomno prispeva k procesu ohranjanja jezika in kulture italijanskega prebivalstva, ki \u017eivi na Hrva\u0161kem in v Sloveniji.<\/span><\/p>\n<p>[\/et_pb_text][\/et_pb_column][\/et_pb_row][\/et_pb_section]<\/p>\n","protected":false},"excerpt":{"rendered":"<p>ZgodovinaustanoveSredi\u0161\u010de za zgodovinska raziskovanja Rovinj je ustanova italijanske narodne skupnosti, ki \u017eivi in \u200b\u200bdeluje na obmo\u010dju Istre, Reke in Dalmacije, v imenu katere uresni\u010duje pravico do zgodovinskega raziskovanja. Novembra 1968 je Italijanska unija za Istro in Reko, dana\u0161nja Italijanska unija, predlagala ustanovitev sredi\u0161\u010da za zgodovinske raziskave za zgodovinske \u0161tudije italijanske narodne skupnosti v Jugoslaviji. Je organizacija Italijanov iz Republike Hrva\u0161ke in Slovenije, katere cilj je ohranjanje in razvoj narodne, kulturne in jezikovne identitete Italijanov na tem obmo\u010dju.V za\u010detku je bil ustanovljen Oddelek za zgodovino z nalogo vklju\u010devanja velikega \u0161tevila znanstvenikov in ljubiteljev zgodovine, ki se je 12. februarja 1969 razvil v Sredi\u0161\u010de za zgodovinska raziskovanja Rovinj. Decembra 1969 je za prvega ravnatelja bil imenovan prof. Giovanni Radossi. Ustanova se nahaja v samem sredi\u0161\u010du mestnega jedra Rovinja, poleg mestne hi\u0161e. V preteklosti je bila stavba sede\u017e Fontika Sv. Damjana (15.-18. stoletje), kasneje pa prvi sede\u017e Tovarne tobaka Rovinj (1872). Od leta 1978 je sede\u017e Sredi\u0161\u010de za zgodovinska raziskovanja Rovinj, ki je bil leta 2000 popolnoma prenovljen in raz\u0161irjen ter je postal razko\u0161na stavba, kakr\u0161na je danes. Uradna otvoritev je bila leta 2001 v navzo\u010dnosti predsednika Republike Italije Carla Azeglia Ciampija in predsednika Republike Hrva\u0161ke Stjepana Mesi\u0107a. Ustanova \u017eeli biti referen\u010dna to\u010dka [&hellip;]<\/p>\n","protected":false},"author":1,"featured_media":0,"parent":0,"menu_order":0,"comment_status":"closed","ping_status":"closed","template":"","meta":{"_et_pb_use_builder":"on","_et_pb_old_content":"","_et_gb_content_width":"","pgc_sgb_lightbox_settings":"","footnotes":""},"class_list":["post-352318","page","type-page","status-publish","hentry"],"jetpack_sharing_enabled":true,"_links":{"self":[{"href":"https:\/\/crsrv.org\/sl\/wp-json\/wp\/v2\/pages\/352318","targetHints":{"allow":["GET"]}}],"collection":[{"href":"https:\/\/crsrv.org\/sl\/wp-json\/wp\/v2\/pages"}],"about":[{"href":"https:\/\/crsrv.org\/sl\/wp-json\/wp\/v2\/types\/page"}],"author":[{"embeddable":true,"href":"https:\/\/crsrv.org\/sl\/wp-json\/wp\/v2\/users\/1"}],"replies":[{"embeddable":true,"href":"https:\/\/crsrv.org\/sl\/wp-json\/wp\/v2\/comments?post=352318"}],"version-history":[{"count":7,"href":"https:\/\/crsrv.org\/sl\/wp-json\/wp\/v2\/pages\/352318\/revisions"}],"predecessor-version":[{"id":374761,"href":"https:\/\/crsrv.org\/sl\/wp-json\/wp\/v2\/pages\/352318\/revisions\/374761"}],"wp:attachment":[{"href":"https:\/\/crsrv.org\/sl\/wp-json\/wp\/v2\/media?parent=352318"}],"curies":[{"name":"wp","href":"https:\/\/api.w.org\/{rel}","templated":true}]}}